{"id":4634,"date":"2025-01-08T18:02:25","date_gmt":"2025-01-08T18:02:25","guid":{"rendered":"https:\/\/elcruce.com.ar\/?page_id=4634"},"modified":"2025-07-29T13:38:03","modified_gmt":"2025-07-29T13:38:03","slug":"carta-2025","status":"publish","type":"page","link":"https:\/\/elcruce.com.ar\/en\/carta-2025\/","title":{"rendered":"CARTA 2025"},"content":{"rendered":"<div data-elementor-type=\"wp-page\" data-elementor-id=\"4634\" class=\"elementor elementor-4634\" data-elementor-post-type=\"page\">\n\t\t\t\t<div class=\"elementor-element elementor-element-63f4f298 e-flex e-con-boxed e-con e-parent\" data-id=\"63f4f298\" data-element_type=\"container\" data-e-type=\"container\" data-settings=\"{&quot;background_background&quot;:&quot;classic&quot;}\">\n\t\t\t\t\t<div class=\"e-con-inner\">\n\t\t<div class=\"elementor-element elementor-element-96e9d16 e-con-full e-flex e-con e-child\" data-id=\"96e9d16\" data-element_type=\"container\" data-e-type=\"container\">\n\t\t\t\t<div class=\"elementor-element elementor-element-3178c3fc elementor-widget elementor-widget-heading\" data-id=\"3178c3fc\" data-element_type=\"widget\" data-e-type=\"widget\" data-widget_type=\"heading.default\">\n\t\t\t\t<div class=\"elementor-widget-container\">\n\t\t\t\t\t<h1 class=\"elementor-heading-title elementor-size-default\">DIRECTOR\u00b4S BRIEFING<\/h1>\t\t\t\t<\/div>\n\t\t\t\t<\/div>\n\t\t\t\t<\/div>\n\t\t\t\t\t<\/div>\n\t\t\t\t<\/div>\n\t\t<div class=\"elementor-element elementor-element-42ae8d3 e-flex e-con-boxed e-con e-parent\" data-id=\"42ae8d3\" data-element_type=\"container\" data-e-type=\"container\" id=\"infoGral\">\n\t\t\t\t\t<div class=\"e-con-inner\">\n\t\t<div class=\"elementor-element elementor-element-22ea1967 e-flex e-con-boxed e-con e-child\" data-id=\"22ea1967\" data-element_type=\"container\" data-e-type=\"container\">\n\t\t\t\t\t<div class=\"e-con-inner\">\n\t\t\t\t<div class=\"elementor-element elementor-element-908ba68 elementor-widget elementor-widget-text-editor\" data-id=\"908ba68\" data-element_type=\"widget\" data-e-type=\"widget\" data-widget_type=\"text-editor.default\">\n\t\t\t\t<div class=\"elementor-widget-container\">\n\t\t\t\t\t\t\t\t\t<p><strong>El Cruce Saucony 2025<\/strong><\/p>\n<p>Welcome to the 2025 edition, already underway!<\/p>\n<p>This year, the chosen location is&nbsp;<strong>Villa La Angostura<\/strong>, in the heart of Argentine Patagonia.<\/p>\n<p>The race will feature&nbsp;<strong>three unique routes<\/strong>, where the main challenge will be navigating mountain ridges while enjoying breathtaking views of the volcanoes that connect Argentina and Chile.<\/p>\n<p>Additionally, there will be&nbsp;<strong>two lakeside campsites<\/strong>with beaches, the perfect place to relax and celebrate at the end of each stage. The region's lakes will be part of both the race routes and the campsites.<\/p>\n<p>At <strong>Club de Corredores<\/strong>, we are working on introducing new initiatives and infrastructure to surprise you and provide an unforgettable experience. Over 1,000 people are preparing everything to ensure this edition surpasses previous ones in logistics.<\/p>\n<p>If you're considering registering, remember that&nbsp;<strong>El Cruce is a demanding adventure race<\/strong>designed for participants with excellent physical condition and determination. For three days, you'll face the challenges that the mountains and weather have in store.<\/p>\n<p>This year, you can also join&nbsp;<strong>La Etapa<\/strong>, part of El Cruce, with two available distances: 33 km and 15 km.<\/p>\n<p>Get ready for an event full of trail running, adventure, camping, and camaraderie with runners from around the world.<\/p>\n<p><strong>Where will you be the first week of December?<\/strong><\/p>\t\t\t\t\t\t\t\t<\/div>\n\t\t\t\t<\/div>\n\t\t\t\t\t<\/div>\n\t\t\t\t<\/div>\n\t\t\t\t\t<\/div>\n\t\t\t\t<\/div>\n\t\t\t\t<\/div>","protected":false},"excerpt":{"rendered":"<p>CARTA DEL DIRECTOR Corredores de El Cruce Saucony \u00a1Bienvenidos a la edici\u00f3n 2025, que ya est\u00e1 en marcha! Este a\u00f1o, [&hellip;]<\/p>\n","protected":false},"author":7,"featured_media":0,"parent":0,"menu_order":0,"comment_status":"closed","ping_status":"closed","template":"","meta":{"site-sidebar-layout":"no-sidebar","site-content-layout":"","ast-site-content-layout":"full-width-container","site-content-style":"default","site-sidebar-style":"default","ast-global-header-display":"","ast-banner-title-visibility":"","ast-main-header-display":"","ast-hfb-above-header-display":"disabled","ast-hfb-below-header-display":"","ast-hfb-mobile-header-display":"","site-post-title":"disabled","ast-breadcrumbs-content":"","ast-featured-img":"disabled","footer-sml-layout":"","ast-disable-related-posts":"","theme-transparent-header-meta":"default","adv-header-id-meta":"","stick-header-meta":"","header-above-stick-meta":"","header-main-stick-meta":"","header-below-stick-meta":"","astra-migrate-meta-layouts":"default","ast-page-background-enabled":"default","ast-page-background-meta":{"desktop":{"background-color":"var(--ast-global-color-4)","background-image":"","background-repeat":"repeat","background-position":"center center","background-size":"auto","background-attachment":"scroll","background-type":"","background-media":"","overlay-type":"","overlay-color":"","overlay-opacity":"","overlay-gradient":""},"tablet":{"background-color":"","background-image":"","background-repeat":"repeat","background-position":"center center","background-size":"auto","background-attachment":"scroll","background-type":"","background-media":"","overlay-type":"","overlay-color":"","overlay-opacity":"","overlay-gradient":""},"mobile":{"background-color":"","background-image":"","background-repeat":"repeat","background-position":"center center","background-size":"auto","background-attachment":"scroll","background-type":"","background-media":"","overlay-type":"","overlay-color":"","overlay-opacity":"","overlay-gradient":""}},"ast-content-background-meta":{"desktop":{"background-color":"var(--ast-global-color-5)","background-image":"","background-repeat":"repeat","background-position":"center center","background-size":"auto","background-attachment":"scroll","background-type":"","background-media":"","overlay-type":"","overlay-color":"","overlay-opacity":"","overlay-gradient":""},"tablet":{"background-color":"var(--ast-global-color-5)","background-image":"","background-repeat":"repeat","background-position":"center center","background-size":"auto","background-attachment":"scroll","background-type":"","background-media":"","overlay-type":"","overlay-color":"","overlay-opacity":"","overlay-gradient":""},"mobile":{"background-color":"var(--ast-global-color-5)","background-image":"","background-repeat":"repeat","background-position":"center center","background-size":"auto","background-attachment":"scroll","background-type":"","background-media":"","overlay-type":"","overlay-color":"","overlay-opacity":"","overlay-gradient":""}},"footnotes":""},"class_list":["post-4634","page","type-page","status-publish","hentry"],"aioseo_notices":[],"_links":{"self":[{"href":"https:\/\/elcruce.com.ar\/en\/wp-json\/wp\/v2\/pages\/4634","targetHints":{"allow":["GET"]}}],"collection":[{"href":"https:\/\/elcruce.com.ar\/en\/wp-json\/wp\/v2\/pages"}],"about":[{"href":"https:\/\/elcruce.com.ar\/en\/wp-json\/wp\/v2\/types\/page"}],"author":[{"embeddable":true,"href":"https:\/\/elcruce.com.ar\/en\/wp-json\/wp\/v2\/users\/7"}],"replies":[{"embeddable":true,"href":"https:\/\/elcruce.com.ar\/en\/wp-json\/wp\/v2\/comments?post=4634"}],"version-history":[{"count":5,"href":"https:\/\/elcruce.com.ar\/en\/wp-json\/wp\/v2\/pages\/4634\/revisions"}],"predecessor-version":[{"id":4829,"href":"https:\/\/elcruce.com.ar\/en\/wp-json\/wp\/v2\/pages\/4634\/revisions\/4829"}],"wp:attachment":[{"href":"https:\/\/elcruce.com.ar\/en\/wp-json\/wp\/v2\/media?parent=4634"}],"curies":[{"name":"wp","href":"https:\/\/api.w.org\/{rel}","templated":true}]}}