{"id":4054,"date":"2024-08-30T17:44:45","date_gmt":"2024-08-30T17:44:45","guid":{"rendered":"https:\/\/elcruce.com.ar\/?page_id=4054"},"modified":"2024-12-01T00:40:22","modified_gmt":"2024-12-01T00:40:22","slug":"news","status":"publish","type":"page","link":"https:\/\/elcruce.com.ar\/en\/news\/","title":{"rendered":"PLANES B"},"content":{"rendered":"<div data-elementor-type=\"wp-page\" data-elementor-id=\"4054\" class=\"elementor elementor-4054\" data-elementor-post-type=\"page\">\n\t\t\t\t<div class=\"elementor-element elementor-element-52ce7379 e-flex e-con-boxed e-con e-parent\" data-id=\"52ce7379\" data-element_type=\"container\" data-e-type=\"container\" data-settings=\"{&quot;background_background&quot;:&quot;classic&quot;}\">\n\t\t\t\t\t<div class=\"e-con-inner\">\n\t\t<div class=\"elementor-element elementor-element-492f4e5 e-con-full e-flex e-con e-child\" data-id=\"492f4e5\" data-element_type=\"container\" data-e-type=\"container\">\n\t\t\t\t<div class=\"elementor-element elementor-element-53de46f elementor-widget elementor-widget-heading\" data-id=\"53de46f\" data-element_type=\"widget\" data-e-type=\"widget\" data-widget_type=\"heading.default\">\n\t\t\t\t<div class=\"elementor-widget-container\">\n\t\t\t\t\t<h1 class=\"elementor-heading-title elementor-size-default\">PLANES B<\/h1>\t\t\t\t<\/div>\n\t\t\t\t<\/div>\n\t\t\t\t<\/div>\n\t\t\t\t\t<\/div>\n\t\t\t\t<\/div>\n\t\t<div class=\"elementor-element elementor-element-2b72677 e-flex e-con-boxed e-con e-parent\" data-id=\"2b72677\" data-element_type=\"container\" data-e-type=\"container\" data-settings=\"{&quot;background_background&quot;:&quot;classic&quot;}\">\n\t\t\t\t\t<div class=\"e-con-inner\">\n\t\t<div class=\"elementor-element elementor-element-8c4153d e-con-full e-flex e-con e-child\" data-id=\"8c4153d\" data-element_type=\"container\" data-e-type=\"container\">\n\t\t\t\t<div class=\"elementor-element elementor-element-877b49b elementor-widget elementor-widget-image\" data-id=\"877b49b\" data-element_type=\"widget\" data-e-type=\"widget\" data-widget_type=\"image.default\">\n\t\t\t\t<div class=\"elementor-widget-container\">\n\t\t\t\t\t\t\t\t\t\t\t\t\t\t\t<img decoding=\"async\" width=\"1920\" height=\"24\" src=\"https:\/\/elcruce.com.ar\/wp-content\/uploads\/2024\/08\/Banderitas.png\" class=\"attachment-full size-full wp-image-4058\" alt=\"\" srcset=\"https:\/\/elcruce.com.ar\/wp-content\/uploads\/2024\/08\/Banderitas.png 1920w, https:\/\/elcruce.com.ar\/wp-content\/uploads\/2024\/08\/Banderitas-300x4.png 300w, https:\/\/elcruce.com.ar\/wp-content\/uploads\/2024\/08\/Banderitas-1024x13.png 1024w, https:\/\/elcruce.com.ar\/wp-content\/uploads\/2024\/08\/Banderitas-768x10.png 768w, https:\/\/elcruce.com.ar\/wp-content\/uploads\/2024\/08\/Banderitas-1536x19.png 1536w, https:\/\/elcruce.com.ar\/wp-content\/uploads\/2024\/08\/Banderitas-18x1.png 18w\" sizes=\"(max-width: 1920px) 100vw, 1920px\" \/>\t\t\t\t\t\t\t\t\t\t\t\t\t\t\t<\/div>\n\t\t\t\t<\/div>\n\t\t\t\t<div class=\"elementor-element elementor-element-185b270 elementor-widget elementor-widget-image\" data-id=\"185b270\" data-element_type=\"widget\" data-e-type=\"widget\" data-widget_type=\"image.default\">\n\t\t\t\t<div class=\"elementor-widget-container\">\n\t\t\t\t\t\t\t\t\t\t\t\t\t\t\t<img fetchpriority=\"high\" decoding=\"async\" width=\"300\" height=\"290\" src=\"https:\/\/elcruce.com.ar\/wp-content\/uploads\/2024\/08\/lANINout-Blanco-300x290.png\" class=\"attachment-medium size-medium wp-image-4059\" alt=\"\" srcset=\"https:\/\/elcruce.com.ar\/wp-content\/uploads\/2024\/08\/lANINout-Blanco-300x290.png 300w, https:\/\/elcruce.com.ar\/wp-content\/uploads\/2024\/08\/lANINout-Blanco-768x742.png 768w, https:\/\/elcruce.com.ar\/wp-content\/uploads\/2024\/08\/lANINout-Blanco-12x12.png 12w, https:\/\/elcruce.com.ar\/wp-content\/uploads\/2024\/08\/lANINout-Blanco.png 1000w\" sizes=\"(max-width: 300px) 100vw, 300px\" \/>\t\t\t\t\t\t\t\t\t\t\t\t\t\t\t<\/div>\n\t\t\t\t<\/div>\n\t\t\t\t<div class=\"elementor-element elementor-element-5273321 elementor-widget elementor-widget-text-editor\" data-id=\"5273321\" data-element_type=\"widget\" data-e-type=\"widget\" data-widget_type=\"text-editor.default\">\n\t\t\t\t<div class=\"elementor-widget-container\">\n\t\t\t\t\t\t\t\t\t<h5><span class=\"tinyMce-placeholder\" style=\"color: #ffffff;\">El Cruce Saucony 2025<\/span><\/h5><p>The\u00a0<b>clima es un aspecto fundamental<\/b>\u00a0para poder acceder a los lugares para esta edici\u00f3n de\u00a0<b>El Cruce.\u00a0<\/b>Especialmente los elegidos para la\u00a0<b>Etapa 1 y 2.\u00a0<\/b><br \/>En cada decisi\u00f3n que tomemos\u00a0<b>primar\u00e1 la seguridad de todos.\u00a0<\/b>Con todos nos referimos\u00a0<b>no solamente a los corredores\u00a0<\/b>sino tambi\u00e9n a quienes est\u00e1n\u00a0<b>trabajando\u00a0<\/b>en la<b>\u00a0alta monta\u00f1a<\/b>\u00a0por varias horas, expuestos a\u00a0<b>bajas temperaturas<\/b>.<br \/>Runners in\u00a0<b>pron\u00f3sticos del tiempo est\u00e1n cambiantes\u00a0<\/b>con respecto a las<b>\u00a0lluvias y fuertes vientos.\u00a0<\/b>Lo \u00fanico constante durante esta semana es que las t<b>emperaturas ir\u00e1n de los 3\u00b0 a 18\u00b0 y que a 2000 m.s.n.m. ser\u00e1 de 0\u00b0<\/b>\u00a0con una<b>\u00a0sensaci\u00f3n t\u00e9rmica m\u00e1s baja a\u00fan,\u00a0<\/b>dependiendo de los vientos.<br \/>Cabe aclarar, para quienes miran los pron\u00f3sticos clim\u00e1ticos a diario que hay una diferencia marcada entre\u00a0<b>San Mart\u00edn de Los Andes y el Lan\u00edn.<\/b><\/p>\t\t\t\t\t\t\t\t<\/div>\n\t\t\t\t<\/div>\n\t\t\t\t<\/div>\n\t\t\t\t\t<\/div>\n\t\t\t\t<\/div>\n\t\t<div class=\"elementor-element elementor-element-891f17f e-flex e-con-boxed e-con e-parent\" data-id=\"891f17f\" data-element_type=\"container\" data-e-type=\"container\" data-settings=\"{&quot;background_background&quot;:&quot;classic&quot;}\">\n\t\t\t\t\t<div class=\"e-con-inner\">\n\t\t<div class=\"elementor-element elementor-element-51073f7 e-con-full e-flex e-con e-child\" data-id=\"51073f7\" data-element_type=\"container\" data-e-type=\"container\">\n\t\t\t\t<div class=\"elementor-element elementor-element-fad2812 elementor-widget-divider--view-line elementor-widget elementor-widget-divider\" data-id=\"fad2812\" data-element_type=\"widget\" data-e-type=\"widget\" data-widget_type=\"divider.default\">\n\t\t\t\t<div class=\"elementor-widget-container\">\n\t\t\t\t\t\t\t<div class=\"elementor-divider\">\n\t\t\t<span class=\"elementor-divider-separator\">\n\t\t\t\t\t\t<\/span>\n\t\t<\/div>\n\t\t\t\t\t\t<\/div>\n\t\t\t\t<\/div>\n\t\t\t\t<div class=\"elementor-element elementor-element-86c804a elementor-widget elementor-widget-heading\" data-id=\"86c804a\" data-element_type=\"widget\" data-e-type=\"widget\" data-widget_type=\"heading.default\">\n\t\t\t\t<div class=\"elementor-widget-container\">\n\t\t\t\t\t<h5 class=\"elementor-heading-title elementor-size-default\">\u00bfCU\u00c1LES SON LOS PLANES B ANTE MALES CONDICIONES CLIM\u00c1TICAS?<\/h5>\t\t\t\t<\/div>\n\t\t\t\t<\/div>\n\t\t\t\t<div class=\"elementor-element elementor-element-3dafa08 elementor-widget elementor-widget-heading\" data-id=\"3dafa08\" data-element_type=\"widget\" data-e-type=\"widget\" data-widget_type=\"heading.default\">\n\t\t\t\t<div class=\"elementor-widget-container\">\n\t\t\t\t\t<h5 class=\"elementor-heading-title elementor-size-default\">RECORRIDO 1<\/h5>\t\t\t\t<\/div>\n\t\t\t\t<\/div>\n\t\t\t\t<div class=\"elementor-element elementor-element-60ed12a elementor-widget elementor-widget-text-editor\" data-id=\"60ed12a\" data-element_type=\"widget\" data-e-type=\"widget\" data-widget_type=\"text-editor.default\">\n\t\t\t\t<div class=\"elementor-widget-container\">\n\t\t\t\t\t\t\t\t\t<p>La largada ser\u00e1 desde el <strong>Valle Huelleytue<\/strong> en lugar de ser desde Tromen.<br \/>Se dise\u00f1\u00f3 un <strong>recorrido con menos<\/strong> kil\u00f3metros y desnivel ya que el <strong>mal clima<\/strong> hace que <strong>no est\u00e9n dadas las condiciones<\/strong> para llevar a cabo la <strong>carrera prevista.<\/strong> Atravesar\u00e1n <strong>senderos y caminos en el bosque<\/strong>, buscando el reparo y la seguridad de todos.<br \/>La llegada ser\u00e1 en el <strong>Camp 1<\/strong>.<br \/><strong>Distancia:<\/strong> 28 km<br \/><strong>Oasis 1:<\/strong>\u00a0kil\u00f3metro 12<br \/><strong>Oasis 2:<\/strong> kil\u00f3metro 21<br \/><strong>Desnivel positivo:<\/strong> 900 metros<\/p>\t\t\t\t\t\t\t\t<\/div>\n\t\t\t\t<\/div>\n\t\t\t\t<div class=\"elementor-element elementor-element-105285a elementor-widget elementor-widget-image\" data-id=\"105285a\" data-element_type=\"widget\" data-e-type=\"widget\" data-widget_type=\"image.default\">\n\t\t\t\t<div class=\"elementor-widget-container\">\n\t\t\t\t\t\t\t\t\t\t\t\t\t\t\t<img decoding=\"async\" width=\"1024\" height=\"576\" src=\"https:\/\/elcruce.com.ar\/wp-content\/uploads\/2024\/12\/2024_El-cruce_Recorrido_Etapa-1-PLANB_1280-x-720-1024x576.jpg\" class=\"attachment-large size-large wp-image-4395\" alt=\"\" srcset=\"https:\/\/elcruce.com.ar\/wp-content\/uploads\/2024\/12\/2024_El-cruce_Recorrido_Etapa-1-PLANB_1280-x-720-1024x576.jpg 1024w, https:\/\/elcruce.com.ar\/wp-content\/uploads\/2024\/12\/2024_El-cruce_Recorrido_Etapa-1-PLANB_1280-x-720-300x169.jpg 300w, https:\/\/elcruce.com.ar\/wp-content\/uploads\/2024\/12\/2024_El-cruce_Recorrido_Etapa-1-PLANB_1280-x-720-768x432.jpg 768w, https:\/\/elcruce.com.ar\/wp-content\/uploads\/2024\/12\/2024_El-cruce_Recorrido_Etapa-1-PLANB_1280-x-720-1536x864.jpg 1536w, https:\/\/elcruce.com.ar\/wp-content\/uploads\/2024\/12\/2024_El-cruce_Recorrido_Etapa-1-PLANB_1280-x-720-2048x1152.jpg 2048w, https:\/\/elcruce.com.ar\/wp-content\/uploads\/2024\/12\/2024_El-cruce_Recorrido_Etapa-1-PLANB_1280-x-720-18x10.jpg 18w\" sizes=\"(max-width: 1024px) 100vw, 1024px\" \/>\t\t\t\t\t\t\t\t\t\t\t\t\t\t\t<\/div>\n\t\t\t\t<\/div>\n\t\t\t\t<div class=\"elementor-element elementor-element-2b60b1c elementor-widget elementor-widget-heading\" data-id=\"2b60b1c\" data-element_type=\"widget\" data-e-type=\"widget\" data-widget_type=\"heading.default\">\n\t\t\t\t<div class=\"elementor-widget-container\">\n\t\t\t\t\t<h5 class=\"elementor-heading-title elementor-size-default\">RECORRIDO 2<\/h5>\t\t\t\t<\/div>\n\t\t\t\t<\/div>\n\t\t\t\t<div class=\"elementor-element elementor-element-1748851 elementor-widget elementor-widget-text-editor\" data-id=\"1748851\" data-element_type=\"widget\" data-e-type=\"widget\" data-widget_type=\"text-editor.default\">\n\t\t\t\t<div class=\"elementor-widget-container\">\n\t\t\t\t\t\t\t\t\t<p>The<strong> Stage 2<\/strong> alternativa <strong>largar\u00e1 del Camp 1.<\/strong><br \/>Ser\u00e1 un recorrido de <strong>24 km <\/strong>que buscar\u00e1n <strong>sendas y caminos reparados del viento<\/strong> sobre las 2 laderas del <strong>Valle Huelleytue.<\/strong><br \/>The finish line <b>ser\u00e1 sobre el final del valle <\/b>y, una vez que crucen la meta, los llevaremos en <b>buses a Camp 2<br \/><\/b><strong>Oasis:<\/strong> kil\u00f3metro 7<\/p>\t\t\t\t\t\t\t\t<\/div>\n\t\t\t\t<\/div>\n\t\t\t\t<div class=\"elementor-element elementor-element-f1f874f elementor-widget elementor-widget-heading\" data-id=\"f1f874f\" data-element_type=\"widget\" data-e-type=\"widget\" data-widget_type=\"heading.default\">\n\t\t\t\t<div class=\"elementor-widget-container\">\n\t\t\t\t\t<h5 class=\"elementor-heading-title elementor-size-default\">RECORRIDO 3<\/h5>\t\t\t\t<\/div>\n\t\t\t\t<\/div>\n\t\t\t\t<div class=\"elementor-element elementor-element-88540af elementor-widget elementor-widget-text-editor\" data-id=\"88540af\" data-element_type=\"widget\" data-e-type=\"widget\" data-widget_type=\"text-editor.default\">\n\t\t\t\t<div class=\"elementor-widget-container\">\n\t\t\t\t\t\t\t\t\t<p>The <strong>largada de la Etapa 3<\/strong> ser\u00e1 desde el <strong>Camp 2<\/strong>.<br \/>Para tener que activar el <strong>plan B<\/strong>, el clima deber\u00eda estar muy complicado ya que la <strong>opci\u00f3n A es recorrido<\/strong> muy reparado.<br \/>Mantendremos el recorrido original s\u00f3lo que no se subir\u00e1 al <strong>Cerro Colorado<\/strong> y se sumar\u00e1n kil\u00f3metros por sendas que est\u00e1n por debajo de los <strong>1000 m.s.n.m<\/strong>.<br \/><strong>Distancia:<\/strong> 28 km<br \/><strong>Oasis 1:<\/strong> kil\u00f3metro 14<br \/><strong>Oasis 2<\/strong>: kil\u00f3metro 23<\/p>\t\t\t\t\t\t\t\t<\/div>\n\t\t\t\t<\/div>\n\t\t\t\t<\/div>\n\t\t\t\t\t<\/div>\n\t\t\t\t<\/div>\n\t\t\t\t<\/div>","protected":false},"excerpt":{"rendered":"<p>PLANES B Corredores de El Cruce Saucony El\u00a0clima es un aspecto fundamental\u00a0para poder acceder a los lugares para esta edici\u00f3n [&hellip;]<\/p>\n","protected":false},"author":7,"featured_media":0,"parent":0,"menu_order":0,"comment_status":"closed","ping_status":"closed","template":"","meta":{"site-sidebar-layout":"no-sidebar","site-content-layout":"","ast-site-content-layout":"full-width-container","site-content-style":"default","site-sidebar-style":"default","ast-global-header-display":"","ast-banner-title-visibility":"","ast-main-header-display":"","ast-hfb-above-header-display":"","ast-hfb-below-header-display":"","ast-hfb-mobile-header-display":"","site-post-title":"disabled","ast-breadcrumbs-content":"","ast-featured-img":"disabled","footer-sml-layout":"","ast-disable-related-posts":"","theme-transparent-header-meta":"enabled","adv-header-id-meta":"","stick-header-meta":"","header-above-stick-meta":"","header-main-stick-meta":"","header-below-stick-meta":"","astra-migrate-meta-layouts":"default","ast-page-background-enabled":"default","ast-page-background-meta":{"desktop":{"background-color":"var(--ast-global-color-4)","background-image":"","background-repeat":"repeat","background-position":"center center","background-size":"auto","background-attachment":"scroll","background-type":"","background-media":"","overlay-type":"","overlay-color":"","overlay-opacity":"","overlay-gradient":""},"tablet":{"background-color":"","background-image":"","background-repeat":"repeat","background-position":"center center","background-size":"auto","background-attachment":"scroll","background-type":"","background-media":"","overlay-type":"","overlay-color":"","overlay-opacity":"","overlay-gradient":""},"mobile":{"background-color":"","background-image":"","background-repeat":"repeat","background-position":"center center","background-size":"auto","background-attachment":"scroll","background-type":"","background-media":"","overlay-type":"","overlay-color":"","overlay-opacity":"","overlay-gradient":""}},"ast-content-background-meta":{"desktop":{"background-color":"var(--ast-global-color-5)","background-image":"","background-repeat":"repeat","background-position":"center center","background-size":"auto","background-attachment":"scroll","background-type":"","background-media":"","overlay-type":"","overlay-color":"","overlay-opacity":"","overlay-gradient":""},"tablet":{"background-color":"var(--ast-global-color-5)","background-image":"","background-repeat":"repeat","background-position":"center center","background-size":"auto","background-attachment":"scroll","background-type":"","background-media":"","overlay-type":"","overlay-color":"","overlay-opacity":"","overlay-gradient":""},"mobile":{"background-color":"var(--ast-global-color-5)","background-image":"","background-repeat":"repeat","background-position":"center center","background-size":"auto","background-attachment":"scroll","background-type":"","background-media":"","overlay-type":"","overlay-color":"","overlay-opacity":"","overlay-gradient":""}},"footnotes":""},"class_list":["post-4054","page","type-page","status-publish","hentry"],"aioseo_notices":[],"_links":{"self":[{"href":"https:\/\/elcruce.com.ar\/en\/wp-json\/wp\/v2\/pages\/4054","targetHints":{"allow":["GET"]}}],"collection":[{"href":"https:\/\/elcruce.com.ar\/en\/wp-json\/wp\/v2\/pages"}],"about":[{"href":"https:\/\/elcruce.com.ar\/en\/wp-json\/wp\/v2\/types\/page"}],"author":[{"embeddable":true,"href":"https:\/\/elcruce.com.ar\/en\/wp-json\/wp\/v2\/users\/7"}],"replies":[{"embeddable":true,"href":"https:\/\/elcruce.com.ar\/en\/wp-json\/wp\/v2\/comments?post=4054"}],"version-history":[{"count":6,"href":"https:\/\/elcruce.com.ar\/en\/wp-json\/wp\/v2\/pages\/4054\/revisions"}],"predecessor-version":[{"id":4399,"href":"https:\/\/elcruce.com.ar\/en\/wp-json\/wp\/v2\/pages\/4054\/revisions\/4399"}],"wp:attachment":[{"href":"https:\/\/elcruce.com.ar\/en\/wp-json\/wp\/v2\/media?parent=4054"}],"curies":[{"name":"wp","href":"https:\/\/api.w.org\/{rel}","templated":true}]}}